{"id":789,"date":"2024-04-03T07:54:57","date_gmt":"2024-04-03T07:54:57","guid":{"rendered":"https:\/\/saragest.com\/?page_id=789"},"modified":"2024-04-05T11:47:25","modified_gmt":"2024-04-05T11:47:25","slug":"declaracion-de-accesibilidad-2","status":"publish","type":"page","link":"https:\/\/saragest.com\/en\/declaracion-de-accesibilidad-2\/","title":{"rendered":"Declaraci\u00f3n de accesibilidad"},"content":{"rendered":"<div data-elementor-type=\"wp-page\" data-elementor-id=\"789\" class=\"elementor elementor-789\" data-elementor-post-type=\"page\">\n\t\t\t\t<div data-particle_enable=\"false\" data-particle-mobile-disabled=\"false\" class=\"elementor-element elementor-element-874db83 animated-slow e-flex e-con-boxed elementor-invisible e-con e-parent\" data-id=\"874db83\" data-element_type=\"container\" data-e-type=\"container\" data-settings=\"{&quot;background_background&quot;:&quot;classic&quot;,&quot;animation&quot;:&quot;fadeIn&quot;,&quot;animation_delay&quot;:200}\">\n\t\t\t\t\t<div class=\"e-con-inner\">\n\t\t<div data-particle_enable=\"false\" data-particle-mobile-disabled=\"false\" class=\"elementor-element elementor-element-b7b26fa e-flex e-con-boxed elementor-invisible e-con e-child\" data-id=\"b7b26fa\" data-element_type=\"container\" data-e-type=\"container\" data-settings=\"{&quot;animation&quot;:&quot;fadeInLeft&quot;}\">\n\t\t\t\t\t<div class=\"e-con-inner\">\n\t\t\t\t<div class=\"elementor-element elementor-element-4cb084f elementor-widget elementor-widget-heading\" data-id=\"4cb084f\" data-element_type=\"widget\" data-e-type=\"widget\" data-widget_type=\"heading.default\">\n\t\t\t\t<div class=\"elementor-widget-container\">\n\t\t\t\t\t<h1 class=\"elementor-heading-title elementor-size-default\">Declaraci\u00f3n de accesibilidad<\/h1>\t\t\t\t<\/div>\n\t\t\t\t<\/div>\n\t\t\t\t<div class=\"elementor-element elementor-element-dff6044 elementor-widget-divider--view-line elementor-widget elementor-widget-divider\" data-id=\"dff6044\" data-element_type=\"widget\" data-e-type=\"widget\" data-widget_type=\"divider.default\">\n\t\t\t\t<div class=\"elementor-widget-container\">\n\t\t\t\t\t\t\t<div class=\"elementor-divider\">\n\t\t\t<span class=\"elementor-divider-separator\">\n\t\t\t\t\t\t<\/span>\n\t\t<\/div>\n\t\t\t\t\t\t<\/div>\n\t\t\t\t<\/div>\n\t\t\t\t\t<\/div>\n\t\t\t\t<\/div>\n\t\t\t\t\t<\/div>\n\t\t\t\t<\/div>\n\t\t<div data-particle_enable=\"false\" data-particle-mobile-disabled=\"false\" class=\"elementor-element elementor-element-2062196 e-flex e-con-boxed e-con e-parent\" data-id=\"2062196\" data-element_type=\"container\" data-e-type=\"container\">\n\t\t\t\t\t<div class=\"e-con-inner\">\n\t\t\t\t<div class=\"elementor-element elementor-element-b527077 elementor-widget elementor-widget-text-editor\" data-id=\"b527077\" data-element_type=\"widget\" data-e-type=\"widget\" data-widget_type=\"text-editor.default\">\n\t\t\t\t<div class=\"elementor-widget-container\">\n\t\t\t\t\t\t\t\t\t<p><b>Declaraci\u00f3n de accesibilidad<br><\/b>Sara G\u00e1mez se ha comprometido a hacer accesible su sitio web de conformidad con el Real Decreto 1112\/2018, de 7 de septiembre, sobre accesibilidad de los sitios web y aplicaciones para dispositivos m\u00f3viles del sector p\u00fablico, o desarrollos financiados desde Europa.<\/p>\n<p>La presente declaraci\u00f3n de accesibilidad se aplica al sitio web saragest.es excluyendo los contenidos incrustados provenientes de otros dominios.<\/p>\n<p><b>Situaci\u00f3n de cumplimiento<br><\/b>Este sitio web es parcialmente conforme con el RD 1112\/2018 debido a la falta de conformidad de los aspectos que se indican a continuaci\u00f3n.<\/p>\n<p><b>Contenido no accesible<br><\/b>El contenido que se recoge a continuaci\u00f3n no es accesible por los siguientes motivos:<\/p>\n<p><b>Falta de conformidad:<br><\/b>Pueden existir algunas im\u00e1genes cuya alternativa no est\u00e9 implementada o no sea correcta \u2013 \u2013 Requisito 9.1.1.1 Contenido no textual UNE-EN 301549:2022<br>Puede existir elementos de la p\u00e1gina que no sean operables mediante teclado \u2013 Requisito n\u00famero 9.2.1.1 Teclado de UNE-EN 301549:2020<br>Los formularios existentes, no avisan de que haya campos incorrectos o sin rellenar \u2013 Requisito 9.3.3.1 Identificaci\u00f3n de errores y Requisito n\u00famero 9.3.3.3 Sugerencias ante errores de UNE-EN 301549:2020<br>Podr\u00edan existir fallos puntuales de edici\u00f3n en alguna p\u00e1gina web.<br>Carga desproporcionada: No resulta aplicable.<br>El contenido no entra dentro del \u00e1mbito de la legislaci\u00f3n aplicable.<\/p>\n<p>Puede haber contenidos de terceros que no est\u00e9n desarrollados en esta Unidad, ni bajo su control, como archivos ofim\u00e1ticos de diferentes organismos que deban publicarse en este sitio.<\/p>\n<p>Observaciones y datos de contacto<br>Puede realizar comunicaciones sobre requisitos de accesibilidad [art\u00edculo 10.2.a) del RD 1112\/2018] como, por ejemplo:<\/p>\n<p>Informar sobre cualquier posible incumplimiento por parte de este sitio web.<br>Transmitir otras dificultades de acceso al contenido.<br>Formular cualquier otra consulta o sugerencia de mejora relativa a la accesibilidad del sitio web a trav\u00e9s del formulario de contacto o por tel\u00e9fono.<\/p>\n<p><b>Puede presentar:<\/b><\/p>\n<p>Una queja relativa al cumplimiento de los requisitos del RD 1112\/2018<br>Una solicitud de informaci\u00f3n accesible relativa a:<br>Contenidos que est\u00e1n excluidos del \u00e1mbito de aplicaci\u00f3n del RD 1112\/2018 seg\u00fan lo establecido por el art\u00edculo 3, apartado 4.<br>Contenidos que est\u00e1n exentos del cumplimiento de los requisitos de accesibilidad por imponer una carga desproporcionada.<br>En la solicitud de informaci\u00f3n accesible, se debe concretar, con toda claridad, los hechos, razones y petici\u00f3n que permitan constatar que se trata de una solicitud razonable y leg\u00edtima.<\/p>\t\t\t\t\t\t\t\t<\/div>\n\t\t\t\t<\/div>\n\t\t\t\t\t<\/div>\n\t\t\t\t<\/div>\n\t\t\t\t<\/div>","protected":false},"excerpt":{"rendered":"<p>Declaraci\u00f3n de accesibilidad Declaraci\u00f3n de accesibilidadSara G\u00e1mez se ha comprometido a hacer accesible su sitio web de conformidad con el Real Decreto 1112\/2018, de 7 de septiembre, sobre accesibilidad de los sitios web y aplicaciones para dispositivos m\u00f3viles del sector p\u00fablico, o desarrollos financiados desde Europa. La presente declaraci\u00f3n de accesibilidad se aplica al sitio [&hellip;]<\/p>","protected":false},"author":1,"featured_media":0,"parent":0,"menu_order":0,"comment_status":"closed","ping_status":"closed","template":"elementor_header_footer","meta":{"footnotes":""},"class_list":["post-789","page","type-page","status-publish","hentry"],"_links":{"self":[{"href":"https:\/\/saragest.com\/en\/wp-json\/wp\/v2\/pages\/789","targetHints":{"allow":["GET"]}}],"collection":[{"href":"https:\/\/saragest.com\/en\/wp-json\/wp\/v2\/pages"}],"about":[{"href":"https:\/\/saragest.com\/en\/wp-json\/wp\/v2\/types\/page"}],"author":[{"embeddable":true,"href":"https:\/\/saragest.com\/en\/wp-json\/wp\/v2\/users\/1"}],"replies":[{"embeddable":true,"href":"https:\/\/saragest.com\/en\/wp-json\/wp\/v2\/comments?post=789"}],"version-history":[{"count":10,"href":"https:\/\/saragest.com\/en\/wp-json\/wp\/v2\/pages\/789\/revisions"}],"predecessor-version":[{"id":944,"href":"https:\/\/saragest.com\/en\/wp-json\/wp\/v2\/pages\/789\/revisions\/944"}],"wp:attachment":[{"href":"https:\/\/saragest.com\/en\/wp-json\/wp\/v2\/media?parent=789"}],"curies":[{"name":"wp","href":"https:\/\/api.w.org\/{rel}","templated":true}]}}