{"id":766,"date":"2024-04-03T07:28:20","date_gmt":"2024-04-03T07:28:20","guid":{"rendered":"https:\/\/saragest.com\/?page_id=766"},"modified":"2024-04-05T11:46:32","modified_gmt":"2024-04-05T11:46:32","slug":"polotica-de-privacidad","status":"publish","type":"page","link":"https:\/\/saragest.com\/en\/polotica-de-privacidad\/","title":{"rendered":"Pol\u00edtica de privacidad"},"content":{"rendered":"<div data-elementor-type=\"wp-page\" data-elementor-id=\"766\" class=\"elementor elementor-766\" data-elementor-post-type=\"page\">\n\t\t\t\t<div data-particle_enable=\"false\" data-particle-mobile-disabled=\"false\" class=\"elementor-element elementor-element-874db83 animated-slow e-flex e-con-boxed elementor-invisible e-con e-parent\" data-id=\"874db83\" data-element_type=\"container\" data-e-type=\"container\" data-settings=\"{&quot;background_background&quot;:&quot;classic&quot;,&quot;animation&quot;:&quot;fadeIn&quot;,&quot;animation_delay&quot;:200}\">\n\t\t\t\t\t<div class=\"e-con-inner\">\n\t\t<div data-particle_enable=\"false\" data-particle-mobile-disabled=\"false\" class=\"elementor-element elementor-element-b7b26fa e-flex e-con-boxed elementor-invisible e-con e-child\" data-id=\"b7b26fa\" data-element_type=\"container\" data-e-type=\"container\" data-settings=\"{&quot;animation&quot;:&quot;fadeInLeft&quot;}\">\n\t\t\t\t\t<div class=\"e-con-inner\">\n\t\t\t\t<div class=\"elementor-element elementor-element-4cb084f elementor-widget elementor-widget-heading\" data-id=\"4cb084f\" data-element_type=\"widget\" data-e-type=\"widget\" data-widget_type=\"heading.default\">\n\t\t\t\t<div class=\"elementor-widget-container\">\n\t\t\t\t\t<h1 class=\"elementor-heading-title elementor-size-default\">Pol\u00edtica de privacidad<\/h1>\t\t\t\t<\/div>\n\t\t\t\t<\/div>\n\t\t\t\t<div class=\"elementor-element elementor-element-dff6044 elementor-widget-divider--view-line elementor-widget elementor-widget-divider\" data-id=\"dff6044\" data-element_type=\"widget\" data-e-type=\"widget\" data-widget_type=\"divider.default\">\n\t\t\t\t<div class=\"elementor-widget-container\">\n\t\t\t\t\t\t\t<div class=\"elementor-divider\">\n\t\t\t<span class=\"elementor-divider-separator\">\n\t\t\t\t\t\t<\/span>\n\t\t<\/div>\n\t\t\t\t\t\t<\/div>\n\t\t\t\t<\/div>\n\t\t\t\t\t<\/div>\n\t\t\t\t<\/div>\n\t\t\t\t\t<\/div>\n\t\t\t\t<\/div>\n\t\t<div data-particle_enable=\"false\" data-particle-mobile-disabled=\"false\" class=\"elementor-element elementor-element-2062196 e-flex e-con-boxed e-con e-parent\" data-id=\"2062196\" data-element_type=\"container\" data-e-type=\"container\">\n\t\t\t\t\t<div class=\"e-con-inner\">\n\t\t\t\t<div class=\"elementor-element elementor-element-b527077 elementor-widget elementor-widget-text-editor\" data-id=\"b527077\" data-element_type=\"widget\" data-e-type=\"widget\" data-widget_type=\"text-editor.default\">\n\t\t\t\t<div class=\"elementor-widget-container\">\n\t\t\t\t\t\t\t\t\t<p>Sara G\u00e1mez titular del sitio web saragest.es y responsable de tratamiento garantiza el cumplimiento de la normativa vigente en materia de protecci\u00f3n de datos personales, reflejada en la Ley Org\u00e1nica 3\/2018, de 5 de diciembre, de Protecci\u00f3n de Datos Personales y de Garant\u00eda de Derechos Digitales (LOPD GDD). Cumple tambi\u00e9n con el Reglamento (UE) 2016\/679 del Parlamento Europeo y del Consejo de 27 de abril de 2016 relativo a la protecci\u00f3n de las personas f\u00edsicas (RGPD).<br>El uso de saragest.es implica la aceptaci\u00f3n de esta Pol\u00edtica de Privacidad as\u00ed como las condiciones incluidas en el Aviso Legal.<\/p>\n<p>Principios aplicados en el tratamiento de datos<\/p>\n<p>En el tratamiento de sus datos personales, Sara G\u00e1mez aplicar\u00e1 los siguientes principios que se ajustan a las exigencias del nuevo reglamento europeo de protecci\u00f3n de datos (RGPD):<br>\u2013 Principio de licitud, lealtad y transparencia: Sara G\u00e1mez siempre requerir\u00e1 el consentimiento para el tratamiento de los datos personales que puede ser para uno o varios fines espec\u00edficos sobre los que Sara G\u00e1mez informar\u00e1 al Usuario previamente con absoluta transparencia.<br>\u2013 Principio de minimizaci\u00f3n de datos: Sara G\u00e1mez solicitar\u00e1 solo los datos estrictamente necesarios para el fin o los fines que los solicita.<br>\u2013 Principio de limitaci\u00f3n del plazo de conservaci\u00f3n: Sara G\u00e1mez mantendr\u00e1 los datos personales recabados durante el tiempo estrictamente necesario para el fin o los fines del tratamiento. Sara G\u00e1mez informar\u00e1 al Usuario del plazo de conservaci\u00f3n correspondiente seg\u00fan la finalidad.<br>En el caso de suscripciones, Sara G\u00e1mez revisar\u00e1 peri\u00f3dicamente las listas y eliminar\u00e1 aquellos registros inactivos durante un tiempo considerable.<br>\u2013 Principio de integridad y confidencialidad: Los datos personales recabados ser\u00e1n tratados de tal manera que su seguridad, confidencialidad e integridad est\u00e9 garantizada. Sara G\u00e1mez toma las precauciones necesarias para evitar el acceso no autorizado o uso indebido de los datos de sus usuarios por parte de terceros.<\/p>\n<p><\/p>\n<p><b>Obtenci\u00f3n de datos personales<\/b><\/p><p><span style=\"text-align: var(--text-align); font-size: 1rem;\">Para navegar por saragest.es no es necesario que facilite ning\u00fan dato personal. Los casos en los que usted s\u00ed proporciona sus datos personales son los siguientes:<\/span><\/p><p>\u2013 Al contactar a trav\u00e9s de los formularios de contacto o enviar un correo electr\u00f3nico.<br>\u2013 Al realizar un comentario en un art\u00edculo o en una p\u00e1gina.<\/p>\n<p><b>Derechos<\/b><\/p>\n<p>Sara G\u00e1mez le informa que sobre sus datos personales tiene derecho a:<\/p>\n<p>\u2013 Solicitar el acceso a los datos almacenados.<br>\u2013 Solicitar una rectificaci\u00f3n o la cancelaci\u00f3n.<br>\u2013 Solicitar la limitaci\u00f3n de su tratamiento.<br>\u2013 Oponerse al tratamiento.<br>\u2013 Solicitar la portabilidad de sus datos.<\/p>\n<p><\/p>\n<p>El ejercicio de estos derechos es personal y por tanto debe ser ejercido directamente por el interesado, solicit\u00e1ndolo directamente a Sara G\u00e1mez, lo que significa que cualquier cliente, suscriptor o colaborador que haya facilitado sus datos en alg\u00fan momento, puede dirigirse a Sara G\u00e1mez y pedir informaci\u00f3n sobre los datos que tiene almacenados y c\u00f3mo los ha obtenido, solicitar la rectificaci\u00f3n de los mismos, solicitar la portabilidad de sus<br>datos personales, oponerse al tratamiento, limitar su uso o solicitar la cancelaci\u00f3n de esos datos en los ficheros de Sara G\u00e1mez.<\/p>\n<p><\/p>\n<p>Para ejercitar sus derechos de acceso, rectificaci\u00f3n, cancelaci\u00f3n, portabilidad y oposici\u00f3n tiene que enviar un correo electr\u00f3nico a info@saragest.es junto con la prueba v\u00e1lida en derecho como una fotocopia del D.N.I. o equivalente.<\/p>\n<p><\/p>\n<p>Tiene derecho a la tutela judicial efectiva y a presentar una reclamaci\u00f3n ante la autoridad de control, en este caso, la Agencia Espa\u00f1ola de Protecci\u00f3n de Datos, si considera que el tratamiento de datos personales que le conciernen infringe el Reglamento.<\/p>\n<p><\/p>\n<p><b>Finalidad del tratamiento de datos personales<\/b><\/p>\n<p>Cuando usted se conecta al sitio Web para mandar un correo a Sara G\u00e1mez, escribe un comentario en un art\u00edculo o una p\u00e1gina, est\u00e1 facilitando informaci\u00f3n de car\u00e1cter personal de la que el responsable es el Sara G\u00e1mez. Esta informaci\u00f3n puede incluir datos de car\u00e1cter personal como pueden ser su direcci\u00f3n IP, nombre y apellidos, direcci\u00f3n f\u00edsica, direcci\u00f3n de correo electr\u00f3nico, n\u00famero de tel\u00e9fono, y otra informaci\u00f3n. Al facilitar esta informaci\u00f3n, da su consentimiento para que su informaci\u00f3n sea recopilada, utilizada, gestionada y almacenada por Sara G\u00e1mez s\u00f3lo como se describe en el Aviso Legal y en la presente Pol\u00edtica de Privacidad.<\/p>\n<p>Los datos personales y la finalidad del tratamiento por parte del Sara G\u00e1mez es diferente seg\u00fan el sistema de captura de informaci\u00f3n:<\/p>\n<p>\u2013 Formularios de contacto: Sara G\u00e1mez solicita datos personales entre los que pueden estar: nombre y apellidos, direcci\u00f3n de correo electr\u00f3nico, n\u00famero de tel\u00e9fono y direcci\u00f3n de saragest.es con la finalidad de responder las consultas de los Usuarios. Sara G\u00e1mez utiliza esos datos para dar respuesta a mensajes, dudas, quejas, comentarios o inquietudes que pueden tener los Usuarios relativas a la informaci\u00f3n incluida en saragest.es, el tratamiento de los datos personales, cuestiones referentes a los textos legales incluidos en saragest.es, as\u00ed como cualquier otra consulta que el Usuario pueda tener y que no est\u00e9 sujeta a las condiciones del sitio Web.<br>\u2013 Formularios de comentarios: Sara G\u00e1mez solicita datos personales entre los que pueden estar: nombre y apellidos, direcci\u00f3n de correo electr\u00f3nico, y direcci\u00f3n de sitio Web con la finalidad de responder a los comentarios de los Usuarios. Existen otras finalidades por las que Sara G\u00e1mez trata datos personales:<\/p>\n<p><\/p>\n<p>\u2013 Para garantizar el cumplimiento de las condiciones recogidas en el Aviso Legal y en la ley aplicable. Esto puede incluir el desarrollo de herramientas y algoritmos que ayuden a este sitio Web a garantizar la confidencialidad de los datos personales que recoge.<\/p>\n<p>\u2013 Para apoyar y mejorar los servicios que ofrece este sitio Web.<\/p>\n<p>\u2013 Para analizar la navegaci\u00f3n de los usuarios. El Sara G\u00e1mez recoge otros datos no identificativos que se obtienen mediante el uso de cookies que se descargan en el ordenador del Usuario cuando navega por el sitio Web cuyas caracter\u00edsticas y finalidad est\u00e1n detalladas en la Pol\u00edtica de Cookies .<\/p>\n<p><b>Seguridad de los datos personales<\/b><\/p>\n<p>Para proteger sus datos personales, Sara G\u00e1mez toma todas las precauciones razonables y sigue las mejores pr\u00e1cticas de la industria para evitar su p\u00e9rdida, mal uso, acceso indebido, divulgaci\u00f3n, alteraci\u00f3n o destrucci\u00f3n de los mismos.<\/p>\n<p><\/p>\n<p>Sara G\u00e1mez informa al Usuario de que sus datos personales no ser\u00e1n cedidos a terceras organizaciones, con la salvedad de que dicha cesi\u00f3n de datos est\u00e9 amparada en una obligaci\u00f3n legal o cuando la prestaci\u00f3n de un servicio implique la necesidad de una relaci\u00f3n contractual con un encargado de tratamiento. En este \u00faltimo caso, s\u00f3lo se llevar\u00e1 a cabo la cesi\u00f3n de datos al tercero cuando Sara G\u00e1mez disponga del consentimiento expreso<br>del Usuario. Sin embargo, en algunos casos se pueden realizar colaboraciones con otros profesionales, en esos casos, se requerir\u00e1 consentimiento al Usuario informando sobre la identidad del colaborador y la finalidad de la colaboraci\u00f3n. Siempre se realizar\u00e1 con los m\u00e1s estrictos est\u00e1ndares de seguridad.<\/p>\n<p><\/p>\n<p><b>Contenido de otros sitios web<br><\/b>Las p\u00e1ginas de este sitio Web pueden incluir contenido incrustado (por ejemplo, v\u00eddeos, im\u00e1genes, art\u00edculos, etc.). El contenido incrustado de otras web se comporta exactamente de la misma manera que si hubiera visitado la otra web. Estos sitios Web pueden recopilar datos sobre usted, utilizar cookies, incrustar un c\u00f3digo de seguimiento adicional de terceros, y supervisar su interacci\u00f3n usando este c\u00f3digo.<\/p>\n<p><\/p>\n<p><b>Pol\u00edtica de Cookies<br><\/b>Para que este sitio Web funcione correctamente necesita utilizar cookies, que es una informaci\u00f3n que se almacena en su navegador web. En la p\u00e1gina Pol\u00edtica de Cookies puede consultar toda la informaci\u00f3n relativa a la pol\u00edtica de recogida, la finalidad y el tratamiento de las cookies.<\/p>\n<p><\/p>\n<p>Legitimaci\u00f3n para el tratamiento de datos<br>La base legal para el tratamiento de sus datos es: el consentimiento. Para contactar con Sara G\u00e1mez, suscribirse a un bolet\u00edn o realizar comentarios en este sitio Web tiene que aceptar la presente Pol\u00edtica de Privacidad.<\/p>\n<p><\/p>\n<p><b>Categor\u00edas de datos personales<br><\/b>Las categor\u00edas de datos personales que trata Sara G\u00e1mez son:<br>\u2013 Datos identificativos.<br>\u2013 No se tratan categor\u00edas de datos especialmente protegidos.<\/p>\n<p><\/p>\n<p>Conservaci\u00f3n de datos personales<\/p>\n<p>Los datos personales que proporcione a Sara G\u00e1mez se conservar\u00e1n hasta que solicite su supresi\u00f3n.<\/p>\n<p><\/p>\n<p><b>Navegaci\u00f3n Web<br><\/b>Al navegar por saragest.es se pueden recoger datos no identificativos, que pueden incluir, la direcci\u00f3n IP, geolocalizaci\u00f3n, un registro de c\u00f3mo se utilizan los servicios y sitios, h\u00e1bitos de navegaci\u00f3n y otros datos que no pueden ser utilizados para identificarle. Sara G\u00e1mez utiliza la informaci\u00f3n obtenida para obtener datos estad\u00edsticos, analizar tendencias, administrar el sitio, estudiar patrones de navegaci\u00f3n y para recopilar informaci\u00f3n demogr\u00e1fica. Sara G\u00e1mez no se hace responsable del tratamiento de los datos personales que realicen las p\u00e1ginas web a las que pueda acceder a trav\u00e9s de los distintos enlaces que contiene el sitio Web. Exactitud y veracidad de los datos personales Usted se compromete a que los datos facilitados a Sara G\u00e1mez sean correctos, completos, exactos y vigentes, as\u00ed como a mantenerlos debidamente actualizados. Como Usuario de saragest.es usted es el \u00fanico responsable de la veracidad y correcci\u00f3n de los datos remitidos al sitio Web exonerando a Sara G\u00e1mez de cualquier responsabilidad al respecto.<\/p>\n<p><\/p>\n<p><b>Aceptaci\u00f3n y consentimiento<br><\/b>Como Usuario de saragest.es declara haber sido informado de las condiciones sobre protecci\u00f3n de datos de car\u00e1cter personal, acepta y consiente el tratamiento de los mismos por parte del Sara G\u00e1mez en la forma y para las finalidades indicadas en esta Pol\u00edtica de Privacidad.<\/p>\n<p><\/p>\n<p><b>Revocabilidad<\/b><br>Para ejercitar sus derechos de acceso, rectificaci\u00f3n, cancelaci\u00f3n, portabilidad y oposici\u00f3n tiene que enviar un correo electr\u00f3nico a info@saragest.es junto con la prueba v\u00e1lida en derecho como una fotocopia del D.N.I. o equivalente. El ejercicio de estos derechos no incluye ning\u00fan dato que Sara G\u00e1mez est\u00e9 obligado a conservar con fines administrativos, legales o de seguridad.<\/p>\n<p><\/p>\n<p><b>Cambios en la Pol\u00edtica de Privacidad<br><\/b>Sara G\u00e1mez se reserva el derecho a modificar la presente Pol\u00edtica de Privacidad para adaptarla a novedades legislativas o jurisprudenciales, as\u00ed como a pr\u00e1cticas de la industria. Estas pol\u00edticas estar\u00e1n vigentes hasta que sean modificadas por otras debidamente publicadas.<\/p>\t\t\t\t\t\t\t\t<\/div>\n\t\t\t\t<\/div>\n\t\t\t\t\t<\/div>\n\t\t\t\t<\/div>\n\t\t\t\t<\/div>","protected":false},"excerpt":{"rendered":"<p>Pol\u00edtica de privacidad Sara G\u00e1mez titular del sitio web saragest.es y responsable de tratamiento garantiza el cumplimiento de la normativa vigente en materia de protecci\u00f3n de datos personales, reflejada en la Ley Org\u00e1nica 3\/2018, de 5 de diciembre, de Protecci\u00f3n de Datos Personales y de Garant\u00eda de Derechos Digitales (LOPD GDD). Cumple tambi\u00e9n con el [&hellip;]<\/p>","protected":false},"author":1,"featured_media":0,"parent":0,"menu_order":0,"comment_status":"closed","ping_status":"closed","template":"elementor_header_footer","meta":{"footnotes":""},"class_list":["post-766","page","type-page","status-publish","hentry"],"_links":{"self":[{"href":"https:\/\/saragest.com\/en\/wp-json\/wp\/v2\/pages\/766","targetHints":{"allow":["GET"]}}],"collection":[{"href":"https:\/\/saragest.com\/en\/wp-json\/wp\/v2\/pages"}],"about":[{"href":"https:\/\/saragest.com\/en\/wp-json\/wp\/v2\/types\/page"}],"author":[{"embeddable":true,"href":"https:\/\/saragest.com\/en\/wp-json\/wp\/v2\/users\/1"}],"replies":[{"embeddable":true,"href":"https:\/\/saragest.com\/en\/wp-json\/wp\/v2\/comments?post=766"}],"version-history":[{"count":10,"href":"https:\/\/saragest.com\/en\/wp-json\/wp\/v2\/pages\/766\/revisions"}],"predecessor-version":[{"id":941,"href":"https:\/\/saragest.com\/en\/wp-json\/wp\/v2\/pages\/766\/revisions\/941"}],"wp:attachment":[{"href":"https:\/\/saragest.com\/en\/wp-json\/wp\/v2\/media?parent=766"}],"curies":[{"name":"wp","href":"https:\/\/api.w.org\/{rel}","templated":true}]}}