{"id":756,"date":"2024-04-03T07:20:59","date_gmt":"2024-04-03T07:20:59","guid":{"rendered":"https:\/\/saragest.com\/?page_id=756"},"modified":"2024-05-02T11:22:59","modified_gmt":"2024-05-02T11:22:59","slug":"aviso-legal","status":"publish","type":"page","link":"https:\/\/saragest.com\/en\/aviso-legal\/","title":{"rendered":"Aviso Legal"},"content":{"rendered":"<div data-elementor-type=\"wp-page\" data-elementor-id=\"756\" class=\"elementor elementor-756\" data-elementor-post-type=\"page\">\n\t\t\t\t<div data-particle_enable=\"false\" data-particle-mobile-disabled=\"false\" class=\"elementor-element elementor-element-874db83 animated-slow e-flex e-con-boxed elementor-invisible e-con e-parent\" data-id=\"874db83\" data-element_type=\"container\" data-e-type=\"container\" data-settings=\"{&quot;background_background&quot;:&quot;classic&quot;,&quot;animation&quot;:&quot;fadeIn&quot;,&quot;animation_delay&quot;:200}\">\n\t\t\t\t\t<div class=\"e-con-inner\">\n\t\t<div data-particle_enable=\"false\" data-particle-mobile-disabled=\"false\" class=\"elementor-element elementor-element-b7b26fa e-flex e-con-boxed elementor-invisible e-con e-child\" data-id=\"b7b26fa\" data-element_type=\"container\" data-e-type=\"container\" data-settings=\"{&quot;animation&quot;:&quot;fadeInLeft&quot;}\">\n\t\t\t\t\t<div class=\"e-con-inner\">\n\t\t\t\t<div class=\"elementor-element elementor-element-4cb084f elementor-widget elementor-widget-heading\" data-id=\"4cb084f\" data-element_type=\"widget\" data-e-type=\"widget\" data-widget_type=\"heading.default\">\n\t\t\t\t<div class=\"elementor-widget-container\">\n\t\t\t\t\t<h1 class=\"elementor-heading-title elementor-size-default\">Aviso Legal\n<\/h1>\t\t\t\t<\/div>\n\t\t\t\t<\/div>\n\t\t\t\t<div class=\"elementor-element elementor-element-dff6044 elementor-widget-divider--view-line elementor-widget elementor-widget-divider\" data-id=\"dff6044\" data-element_type=\"widget\" data-e-type=\"widget\" data-widget_type=\"divider.default\">\n\t\t\t\t<div class=\"elementor-widget-container\">\n\t\t\t\t\t\t\t<div class=\"elementor-divider\">\n\t\t\t<span class=\"elementor-divider-separator\">\n\t\t\t\t\t\t<\/span>\n\t\t<\/div>\n\t\t\t\t\t\t<\/div>\n\t\t\t\t<\/div>\n\t\t\t\t\t<\/div>\n\t\t\t\t<\/div>\n\t\t\t\t\t<\/div>\n\t\t\t\t<\/div>\n\t\t<div data-particle_enable=\"false\" data-particle-mobile-disabled=\"false\" class=\"elementor-element elementor-element-2062196 e-flex e-con-boxed e-con e-parent\" data-id=\"2062196\" data-element_type=\"container\" data-e-type=\"container\">\n\t\t\t\t\t<div class=\"e-con-inner\">\n\t\t\t\t<div class=\"elementor-element elementor-element-b527077 elementor-widget elementor-widget-text-editor\" data-id=\"b527077\" data-element_type=\"widget\" data-e-type=\"widget\" data-widget_type=\"text-editor.default\">\n\t\t\t\t<div class=\"elementor-widget-container\">\n\t\t\t\t\t\t\t\t\t<p><b>Identificaci\u00f3n y Titularidad<br \/><\/b>En cumplimiento del art\u00edculo 10 de la Ley 34\/2002, de 11 de julio, de Servicios de la Sociedad de la Informaci\u00f3n y Comercio Electr\u00f3nico, el Titular expone sus datos identificativos.<\/p><p>\u2013 Titular: Sara G\u00e1mez Elvira<br \/>\u2013 DNI: 78981986D<br \/>\u2013 Correo electr\u00f3nico: info@saragest.com<br \/>\u2013 Tel\u00e9fono de contacto: +34 648 20 80 84<br \/>\u2013 Sitio Web: saragest.com<\/p><p><b>Finalidad<br \/><\/b>\u2013 La finalidad del sitio Web saragest.es es reparaciones y reformas.<br \/>Condiciones de Uso<br \/>La utilizaci\u00f3n del sitio Web le otorga la condici\u00f3n de Usuario, e implica la aceptaci\u00f3n completa de todas las cl\u00e1usulas y condiciones de uso incluidas en las p\u00e1ginas:<br \/>\u2013 Aviso Legal<br \/>\u2013 Pol\u00edtica de Cookies<br \/>Si no estuviera conforme con todas y cada una de estas cl\u00e1usulas y condiciones abst\u00e9ngase de utilizar este sitio Web. El acceso a saragest.es no supone, en modo alguno, el inicio de una relaci\u00f3n comercial con Sara G\u00e1mez. A trav\u00e9s de este sitio Web, el Sara G\u00e1mez le facilita el acceso y la utilizaci\u00f3n de diversos contenidos que el Sara G\u00e1mez o sus colaboradores han publicado por medio de Internet.<br \/>A tal efecto, usted est\u00e1 obligado y comprometido a NO utilizar cualquiera de los contenidos de saragest.es con fines o efectos il\u00edcitos, prohibidos en este Aviso Legal o por la legislaci\u00f3n vigente, lesivos de los derechos e intereses de terceros, o que de cualquier forma puedan da\u00f1ar, inutilizar, sobrecargar, deteriorar o impedir la normal utilizaci\u00f3n de los contenidos, los equipos inform\u00e1ticos o los documentos, archivos y toda clase de contenidos almacenados en cualquier equipo inform\u00e1tico propios o contratados por el de otros usuarios o de cualquier usuario de Internet.<br \/>Sara G\u00e1mez se reserva el derecho de retirar todos aquellos comentarios que vulneren la legislaci\u00f3n vigente, lesivos de los derechos o intereses de terceros, o que, a su juicio, no resulten adecuados para su publicaci\u00f3n.<br \/>Sara G\u00e1mez no ser\u00e1 responsable de las opiniones vertidas por los usuarios a trav\u00e9s del sistema de comentarios, redes sociales u otras herramientas de participaci\u00f3n, conforme a lo previsto en la normativa de aplicaci\u00f3n.<br \/>Medidas de seguridad<br \/>Los datos personales que facilite a Sara G\u00e1mez pueden ser almacenados en bases de datos automatizadas o no, cuya titularidad corresponde en exclusiva a Sara G\u00e1mez, que asume todas las medidas de \u00edndole t\u00e9cnica, organizativa y de seguridad que garantizan la confidencialidad, integridad y calidad de la informaci\u00f3n contenida en las mismas de acuerdo con lo establecido en la normativa vigente en protecci\u00f3n de datos.<\/p><p>No obstante, debe ser consciente de que las medidas de seguridad de los sistemas inform\u00e1ticos en Internet no son enteramente fiables y que, por tanto Sara G\u00e1mez no puede garantizar la inexistencia de virus u otros elementos que puedan producir alteraciones en los sistemas inform\u00e1ticos (software y hardware) del Usuario o en sus documentos electr\u00f3nicos y ficheros contenidos en los mismos aunque Sara G\u00e1mez pone todos los medios necesarios y toma las medidas de seguridad oportunas para evitar la presencia de estos elementos da\u00f1inos<br \/>Contenidos<br \/>Sara G\u00e1mez ha obtenido la informaci\u00f3n, el contenido multimedia y los materiales incluidos en el sitio Web de fuentes que considera fiables, pero, si bien ha tomado todas las medidas razonables para asegurar que la informaci\u00f3n contenida es correcta, Sara G\u00e1mez no garantiza que sea exacta, completa o actualizada.Sara G\u00e1mez declina expresamente cualquier responsabilidad por error u omisi\u00f3n en la informaci\u00f3n contenida en las p\u00e1ginas de saragest.es.<\/p><p>Queda prohibido transmitir o enviar a trav\u00e9s de saragest.es cualquier contenido ilegal o il\u00edcito, virus inform\u00e1ticos, o mensajes que, en general, afecten o violen derechos del Titular o de terceros. Los contenidos de saragest.es tienen \u00fanicamente una finalidad informativa y bajo ninguna circunstancia deben usarse ni considerarse como oferta de venta, solicitud de una oferta de compra ni recomendaci\u00f3n para realizar cualquier otra operaci\u00f3n, salvo que as\u00ed se indique expresamente. Sara G\u00e1mez se reserva el derecho a modificar, suspender, cancelar o restringir el contenido de saragest.es, los v\u00ednculos o la informaci\u00f3n obtenida a trav\u00e9s del sitio Web, sin necesidad de previo aviso. Sara G\u00e1mez no es responsable de los da\u00f1os y perjuicios que pudieran derivarse de la utilizaci\u00f3n de la informaci\u00f3n del sitio Web.<br \/>Pol\u00edtica de cookies<br \/>En la p\u00e1gina Pol\u00edtica de Cookies puede consultar toda la informaci\u00f3n relativa a la pol\u00edtica de recogida y tratamiento de las cookies.<br \/>Enlaces a otros sitios Web<br \/>Sara G\u00e1mez puede proporcionar acceso a sitios Web de terceros mediante enlaces con la finalidad exclusiva de informar sobre la existencia de otras fuentes de informaci\u00f3n en Internet en las que podr\u00e1 ampliar los datos ofrecidos en saragest.es. Estos enlaces a otros sitios Web no suponen en ning\u00fan caso una sugerencia o recomendaci\u00f3n para que usted visite las p\u00e1ginas web de destino, que est\u00e1n fuera del control de Sara G\u00e1mez, por lo que Sara G\u00e1mez no es responsable del contenido de los sitios web vinculados ni del resultado que obtenga al seguir los enlaces.<\/p><p>Asimismo, Sara G\u00e1mez no responde de los links o enlaces ubicados en los sitios web vinculados a los que le proporciona acceso. El establecimiento del enlace no implica en ning\u00fan caso la existencia de relaciones entre Sara G\u00e1mez y el propietario del sitio en el que se establezca el enlace, ni la aceptaci\u00f3n o aprobaci\u00f3n por parte del Titular de sus contenidos o servicios. Si accede a un sitio Web externo desde un enlace que encuentre en saragest.es usted deber\u00e1 leer la propia pol\u00edtica de privacidad del otro sitio web que puede ser diferente de la de este sitio Web<\/p><p><b>Propiedad intelectual e industrial<br \/><\/b>Todos los derechos est\u00e1n reservados. Todo acceso a este sitio Web est\u00e1 sujeto a las siguientes condiciones: la reproducci\u00f3n, almacenaje permanente y la difusi\u00f3n de los contenidos o cualquier otro uso que tenga finalidad p\u00fablica o comercial queda expresamente prohibida sin el consentimiento previo expreso y por escrito de Sara G\u00e1mez<\/p><p><b>Limitaci\u00f3n de responsabilidad<br \/><\/b>La informaci\u00f3n y servicios incluidos o disponibles a trav\u00e9s de este sitio Web pueden incluir incorrecciones o errores tipogr\u00e1ficos. De forma peri\u00f3dica Sara G\u00e1mez incorpora mejoras y\/o cambios a la informaci\u00f3n contenida y\/o los Servicios que puede introducir en cualquier momento. Sara G\u00e1mez no declara ni garantiza que los servicios o contenidos sean interrumpidos o que est\u00e9n libres de errores, que los defectos sean corregidos, o que el servicio o el servidor que lo pone a disposici\u00f3n est\u00e9n libres de virus u otros componentes nocivos sin perjuicio de que Sara G\u00e1mez realiza todos los esfuerzos en evitar este tipo de incidentes. Sara G\u00e1mez declina cualquier responsabilidad en caso de que existan interrupciones o un mal funcionamiento de los Servicios o contenidos ofrecidos en Internet, cualquiera que sea su causa. <br \/>Asimismo, Sara G\u00e1mez no se hace responsable por ca\u00eddas de la red, p\u00e9rdidas de negocio a consecuencia de dichas ca\u00eddas, suspensiones temporales de fluido el\u00e9ctrico o cualquier otro tipo de da\u00f1o indirecto que te pueda ser causado por causas ajenas a el Titular.<br \/>Antes de tomar decisiones y\/o acciones con base a la informaci\u00f3n incluida en saragest.es, Sara G\u00e1mez le recomienda comprobar y contrastar la informaci\u00f3n recibida con otras fuentes.<\/p><p><b>Derecho de exclusi\u00f3n<br \/><\/b>Sara G\u00e1mez se reserva el derecho a denegar o retirar el acceso a saragest.es y los servicios ofrecidos sin necesidad de preaviso, a instancia propia o de un tercero, a aquellos usuarios que incumplan cualquiera de las condiciones de este Aviso Legal.<\/p><p><b>Jurisdicci\u00f3n<\/b><br \/>Este Aviso Legal se rige \u00edntegramente por la legislaci\u00f3n espa\u00f1ola. Siempre que no haya una norma que obligue a otra cosa, para cuantas cuestiones se susciten sobre la interpretaci\u00f3n, aplicaci\u00f3n y cumplimiento de este Aviso Legal, as\u00ed como de las reclamaciones que puedan derivarse de su uso, las partes acuerdan someterse a los Jueces y Tribunales correspondientes.<\/p><p><b>Contacto<\/b><br \/>En caso de que usted tenga cualquier duda acerca de estas Condiciones legales o quiera realizar cualquier comentario sobre saragest.es, puede enviar un mensaje de correo electr\u00f3nico a la direcci\u00f3n info@saragest.es.<\/p>\t\t\t\t\t\t\t\t<\/div>\n\t\t\t\t<\/div>\n\t\t\t\t\t<\/div>\n\t\t\t\t<\/div>\n\t\t\t\t<\/div>","protected":false},"excerpt":{"rendered":"<p>Aviso Legal Identificaci\u00f3n y TitularidadEn cumplimiento del art\u00edculo 10 de la Ley 34\/2002, de 11 de julio, de Servicios de la Sociedad de la Informaci\u00f3n y Comercio Electr\u00f3nico, el Titular expone sus datos identificativos. \u2013 Titular: Sara G\u00e1mez Elvira\u2013 DNI: 78981986D\u2013 Correo electr\u00f3nico: info@saragest.com\u2013 Tel\u00e9fono de contacto: +34 648 20 80 84\u2013 Sitio Web: saragest.com [&hellip;]<\/p>","protected":false},"author":1,"featured_media":0,"parent":0,"menu_order":0,"comment_status":"closed","ping_status":"closed","template":"elementor_header_footer","meta":{"footnotes":""},"class_list":["post-756","page","type-page","status-publish","hentry"],"_links":{"self":[{"href":"https:\/\/saragest.com\/en\/wp-json\/wp\/v2\/pages\/756","targetHints":{"allow":["GET"]}}],"collection":[{"href":"https:\/\/saragest.com\/en\/wp-json\/wp\/v2\/pages"}],"about":[{"href":"https:\/\/saragest.com\/en\/wp-json\/wp\/v2\/types\/page"}],"author":[{"embeddable":true,"href":"https:\/\/saragest.com\/en\/wp-json\/wp\/v2\/users\/1"}],"replies":[{"embeddable":true,"href":"https:\/\/saragest.com\/en\/wp-json\/wp\/v2\/comments?post=756"}],"version-history":[{"count":20,"href":"https:\/\/saragest.com\/en\/wp-json\/wp\/v2\/pages\/756\/revisions"}],"predecessor-version":[{"id":997,"href":"https:\/\/saragest.com\/en\/wp-json\/wp\/v2\/pages\/756\/revisions\/997"}],"wp:attachment":[{"href":"https:\/\/saragest.com\/en\/wp-json\/wp\/v2\/media?parent=756"}],"curies":[{"name":"wp","href":"https:\/\/api.w.org\/{rel}","templated":true}]}}