{"id":30,"date":"2024-03-11T08:42:35","date_gmt":"2024-03-11T08:42:35","guid":{"rendered":"https:\/\/saragest.com\/?page_id=30"},"modified":"2024-08-12T15:29:34","modified_gmt":"2024-08-12T15:29:34","slug":"blog","status":"publish","type":"page","link":"https:\/\/saragest.com\/en\/blog\/","title":{"rendered":"Blog"},"content":{"rendered":"<div data-elementor-type=\"wp-page\" data-elementor-id=\"30\" class=\"elementor elementor-30\" data-elementor-post-type=\"page\">\n\t\t\t\t<div data-particle_enable=\"false\" data-particle-mobile-disabled=\"false\" class=\"elementor-element elementor-element-d21b019 e-flex e-con-boxed e-con e-parent\" data-id=\"d21b019\" data-element_type=\"container\" data-e-type=\"container\" data-settings=\"{&quot;background_background&quot;:&quot;classic&quot;}\">\n\t\t\t\t\t<div class=\"e-con-inner\">\n\t\t<div data-particle_enable=\"false\" data-particle-mobile-disabled=\"false\" class=\"elementor-element elementor-element-6417e00 e-flex e-con-boxed elementor-invisible e-con e-child\" data-id=\"6417e00\" data-element_type=\"container\" data-e-type=\"container\" data-settings=\"{&quot;motion_fx_motion_fx_scrolling&quot;:&quot;yes&quot;,&quot;animation&quot;:&quot;fadeInLeft&quot;,&quot;motion_fx_devices&quot;:[&quot;desktop&quot;,&quot;tablet&quot;,&quot;mobile&quot;]}\">\n\t\t\t\t\t<div class=\"e-con-inner\">\n\t\t\t\t<div class=\"elementor-element elementor-element-bc3e881 elementor-widget elementor-widget-heading\" data-id=\"bc3e881\" data-element_type=\"widget\" data-e-type=\"widget\" data-widget_type=\"heading.default\">\n\t\t\t\t<div class=\"elementor-widget-container\">\n\t\t\t\t\t<h1 class=\"elementor-heading-title elementor-size-default\">Mi blog sobre finanzas<\/h1>\t\t\t\t<\/div>\n\t\t\t\t<\/div>\n\t\t\t\t<div class=\"elementor-element elementor-element-1975018 elementor-widget-divider--view-line elementor-widget elementor-widget-divider\" data-id=\"1975018\" data-element_type=\"widget\" data-e-type=\"widget\" data-widget_type=\"divider.default\">\n\t\t\t\t<div class=\"elementor-widget-container\">\n\t\t\t\t\t\t\t<div class=\"elementor-divider\">\n\t\t\t<span class=\"elementor-divider-separator\">\n\t\t\t\t\t\t<\/span>\n\t\t<\/div>\n\t\t\t\t\t\t<\/div>\n\t\t\t\t<\/div>\n\t\t\t\t\t<\/div>\n\t\t\t\t<\/div>\n\t\t\t\t\t<\/div>\n\t\t\t\t<\/div>\n\t\t<div data-particle_enable=\"false\" data-particle-mobile-disabled=\"false\" class=\"elementor-element elementor-element-ec50dd1 e-flex e-con-boxed e-con e-parent\" data-id=\"ec50dd1\" data-element_type=\"container\" data-e-type=\"container\">\n\t\t\t\t\t<div class=\"e-con-inner\">\n\t\t\t\t<div class=\"elementor-element elementor-element-77f3eb5 elementor-grid-3 elementor-grid-tablet-2 elementor-grid-mobile-1 elementor-posts--thumbnail-top elementor-posts__hover-gradient elementor-invisible elementor-widget elementor-widget-posts\" data-id=\"77f3eb5\" data-element_type=\"widget\" data-e-type=\"widget\" data-settings=\"{&quot;pagination_type&quot;:&quot;load_more_infinite_scroll&quot;,&quot;_animation&quot;:&quot;fadeInLeft&quot;,&quot;cards_row_gap_tablet&quot;:{&quot;unit&quot;:&quot;px&quot;,&quot;size&quot;:20,&quot;sizes&quot;:[]},&quot;cards_row_gap_mobile&quot;:{&quot;unit&quot;:&quot;px&quot;,&quot;size&quot;:20,&quot;sizes&quot;:[]},&quot;cards_columns&quot;:&quot;3&quot;,&quot;cards_columns_tablet&quot;:&quot;2&quot;,&quot;cards_columns_mobile&quot;:&quot;1&quot;,&quot;cards_row_gap&quot;:{&quot;unit&quot;:&quot;px&quot;,&quot;size&quot;:35,&quot;sizes&quot;:[]},&quot;load_more_spinner&quot;:{&quot;value&quot;:&quot;fas fa-spinner&quot;,&quot;library&quot;:&quot;fa-solid&quot;}}\" data-widget_type=\"posts.cards\">\n\t\t\t\t<div class=\"elementor-widget-container\">\n\t\t\t\t\t\t\t<div class=\"elementor-posts-container elementor-posts elementor-posts--skin-cards elementor-grid\">\n\t\t\t\t<article class=\"elementor-post elementor-grid-item post-418 post type-post status-publish format-standard has-post-thumbnail hentry category-uncategorized\">\n\t\t\t<div class=\"elementor-post__card\">\n\t\t\t\t<a class=\"elementor-post__thumbnail__link\" href=\"https:\/\/saragest.com\/en\/post-03\/\" tabindex=\"-1\" ><div class=\"elementor-post__thumbnail\"><img fetchpriority=\"high\" decoding=\"async\" width=\"1024\" height=\"1536\" src=\"https:\/\/saragest.com\/wp-content\/uploads\/2024\/03\/control-gastos-de-marketing-1024x1536.jpg\" class=\"attachment-1536x1536 size-1536x1536 wp-image-1087\" alt=\"claves para el control de costes de marketing en un peque\u00f1o negocio\" srcset=\"https:\/\/saragest.com\/wp-content\/uploads\/2024\/03\/control-gastos-de-marketing-1024x1536.jpg 1024w, https:\/\/saragest.com\/wp-content\/uploads\/2024\/03\/control-gastos-de-marketing-200x300.jpg 200w, https:\/\/saragest.com\/wp-content\/uploads\/2024\/03\/control-gastos-de-marketing-683x1024.jpg 683w, https:\/\/saragest.com\/wp-content\/uploads\/2024\/03\/control-gastos-de-marketing-768x1152.jpg 768w, https:\/\/saragest.com\/wp-content\/uploads\/2024\/03\/control-gastos-de-marketing-8x12.jpg 8w, https:\/\/saragest.com\/wp-content\/uploads\/2024\/03\/control-gastos-de-marketing.jpg 1365w\" sizes=\"(max-width: 1024px) 100vw, 1024px\" \/><\/div><\/a>\n\t\t\t\t<div class=\"elementor-post__text\">\n\t\t\t\t<h3 class=\"elementor-post__title\">\n\t\t\t<a href=\"https:\/\/saragest.com\/en\/post-03\/\" >\n\t\t\t\tControl de Gastos de Marketing Peque\u00f1o Negocio\t\t\t<\/a>\n\t\t<\/h3>\n\t\t\n\t\t<a class=\"elementor-post__read-more\" href=\"https:\/\/saragest.com\/en\/post-03\/\" aria-label=\"Read more about Control de Gastos de Marketing Peque\u00f1o Negocio\" tabindex=\"-1\" >\n\t\t\tLeer m\u00e1s \u00bb\t\t<\/a>\n\n\t\t\t\t<\/div>\n\t\t\t\t<div class=\"elementor-post__meta-data\">\n\t\t\t\t\t<span class=\"elementor-post-date\">\n\t\t\tMarch 14, 2024\t\t<\/span>\n\t\t\t\t<\/div>\n\t\t\t\t\t<\/div>\n\t\t<\/article>\n\t\t\t\t<article class=\"elementor-post elementor-grid-item post-417 post type-post status-publish format-standard has-post-thumbnail hentry category-uncategorized\">\n\t\t\t<div class=\"elementor-post__card\">\n\t\t\t\t<a class=\"elementor-post__thumbnail__link\" href=\"https:\/\/saragest.com\/en\/post-02\/\" tabindex=\"-1\" ><div class=\"elementor-post__thumbnail\"><img decoding=\"async\" width=\"1024\" height=\"1536\" src=\"https:\/\/saragest.com\/wp-content\/uploads\/2024\/03\/reducir-costos-operativos-1-1024x1536.jpg\" class=\"attachment-1536x1536 size-1536x1536 wp-image-1084\" alt=\"c\u00f3mo reducir los costes operativos de tu peque\u00f1o negocio en Espa\u00f1a\" srcset=\"https:\/\/saragest.com\/wp-content\/uploads\/2024\/03\/reducir-costos-operativos-1-1024x1536.jpg 1024w, https:\/\/saragest.com\/wp-content\/uploads\/2024\/03\/reducir-costos-operativos-1-200x300.jpg 200w, https:\/\/saragest.com\/wp-content\/uploads\/2024\/03\/reducir-costos-operativos-1-683x1024.jpg 683w, https:\/\/saragest.com\/wp-content\/uploads\/2024\/03\/reducir-costos-operativos-1-768x1152.jpg 768w, https:\/\/saragest.com\/wp-content\/uploads\/2024\/03\/reducir-costos-operativos-1-8x12.jpg 8w, https:\/\/saragest.com\/wp-content\/uploads\/2024\/03\/reducir-costos-operativos-1.jpg 1127w\" sizes=\"(max-width: 1024px) 100vw, 1024px\" \/><\/div><\/a>\n\t\t\t\t<div class=\"elementor-post__text\">\n\t\t\t\t<h3 class=\"elementor-post__title\">\n\t\t\t<a href=\"https:\/\/saragest.com\/en\/post-02\/\" >\n\t\t\t\tCostes Operativos de un Peque\u00f1o Negocio\t\t\t<\/a>\n\t\t<\/h3>\n\t\t\n\t\t<a class=\"elementor-post__read-more\" href=\"https:\/\/saragest.com\/en\/post-02\/\" aria-label=\"Read more about Costes Operativos de un Peque\u00f1o Negocio\" tabindex=\"-1\" >\n\t\t\tLeer m\u00e1s \u00bb\t\t<\/a>\n\n\t\t\t\t<\/div>\n\t\t\t\t<div class=\"elementor-post__meta-data\">\n\t\t\t\t\t<span class=\"elementor-post-date\">\n\t\t\tMarch 14, 2024\t\t<\/span>\n\t\t\t\t<\/div>\n\t\t\t\t\t<\/div>\n\t\t<\/article>\n\t\t\t\t<article class=\"elementor-post elementor-grid-item post-416 post type-post status-publish format-standard has-post-thumbnail hentry category-uncategorized\">\n\t\t\t<div class=\"elementor-post__card\">\n\t\t\t\t<a class=\"elementor-post__thumbnail__link\" href=\"https:\/\/saragest.com\/en\/wordpress-resources-at-siteground-copy\/\" tabindex=\"-1\" ><div class=\"elementor-post__thumbnail\"><img decoding=\"async\" width=\"1024\" height=\"1536\" src=\"https:\/\/saragest.com\/wp-content\/uploads\/2024\/03\/DSC07078-1024x1536.jpg\" class=\"attachment-1536x1536 size-1536x1536 wp-image-1081\" alt=\"claves para el correcto flujo de caja de un peque\u00f1o negocio\" srcset=\"https:\/\/saragest.com\/wp-content\/uploads\/2024\/03\/DSC07078-1024x1536.jpg 1024w, https:\/\/saragest.com\/wp-content\/uploads\/2024\/03\/DSC07078-200x300.jpg 200w, https:\/\/saragest.com\/wp-content\/uploads\/2024\/03\/DSC07078-682x1024.jpg 682w, https:\/\/saragest.com\/wp-content\/uploads\/2024\/03\/DSC07078-768x1152.jpg 768w, https:\/\/saragest.com\/wp-content\/uploads\/2024\/03\/DSC07078-8x12.jpg 8w, https:\/\/saragest.com\/wp-content\/uploads\/2024\/03\/DSC07078.jpg 1299w\" sizes=\"(max-width: 1024px) 100vw, 1024px\" \/><\/div><\/a>\n\t\t\t\t<div class=\"elementor-post__text\">\n\t\t\t\t<h3 class=\"elementor-post__title\">\n\t\t\t<a href=\"https:\/\/saragest.com\/en\/wordpress-resources-at-siteground-copy\/\" >\n\t\t\t\tFluidez de Caja Peque\u00f1os Negocios: Claves 2024\t\t\t<\/a>\n\t\t<\/h3>\n\t\t\n\t\t<a class=\"elementor-post__read-more\" href=\"https:\/\/saragest.com\/en\/wordpress-resources-at-siteground-copy\/\" aria-label=\"Read more about Fluidez de Caja Peque\u00f1os Negocios: Claves 2024\" tabindex=\"-1\" >\n\t\t\tLeer m\u00e1s \u00bb\t\t<\/a>\n\n\t\t\t\t<\/div>\n\t\t\t\t<div class=\"elementor-post__meta-data\">\n\t\t\t\t\t<span class=\"elementor-post-date\">\n\t\t\tMarch 14, 2024\t\t<\/span>\n\t\t\t\t<\/div>\n\t\t\t\t\t<\/div>\n\t\t<\/article>\n\t\t\t\t<article class=\"elementor-post elementor-grid-item post-1 post type-post status-publish format-standard has-post-thumbnail hentry category-uncategorized\">\n\t\t\t<div class=\"elementor-post__card\">\n\t\t\t\t<a class=\"elementor-post__thumbnail__link\" href=\"https:\/\/saragest.com\/en\/wordpress-resources-at-siteground\/\" tabindex=\"-1\" ><div class=\"elementor-post__thumbnail\"><img loading=\"lazy\" decoding=\"async\" width=\"1024\" height=\"1536\" src=\"https:\/\/saragest.com\/wp-content\/uploads\/2018\/08\/finanzas-pymes-1024x1536.jpg\" class=\"attachment-1536x1536 size-1536x1536 wp-image-1075\" alt=\"estrategia financiera pymes\" srcset=\"https:\/\/saragest.com\/wp-content\/uploads\/2018\/08\/finanzas-pymes-1024x1536.jpg 1024w, https:\/\/saragest.com\/wp-content\/uploads\/2018\/08\/finanzas-pymes-200x300.jpg 200w, https:\/\/saragest.com\/wp-content\/uploads\/2018\/08\/finanzas-pymes-683x1024.jpg 683w, https:\/\/saragest.com\/wp-content\/uploads\/2018\/08\/finanzas-pymes-768x1152.jpg 768w, https:\/\/saragest.com\/wp-content\/uploads\/2018\/08\/finanzas-pymes-8x12.jpg 8w, https:\/\/saragest.com\/wp-content\/uploads\/2018\/08\/finanzas-pymes.jpg 1365w\" sizes=\"(max-width: 1024px) 100vw, 1024px\" \/><\/div><\/a>\n\t\t\t\t<div class=\"elementor-post__text\">\n\t\t\t\t<h3 class=\"elementor-post__title\">\n\t\t\t<a href=\"https:\/\/saragest.com\/en\/wordpress-resources-at-siteground\/\" >\n\t\t\t\tDesaf\u00edos Financieros Peque\u00f1o Negocio 2024\t\t\t<\/a>\n\t\t<\/h3>\n\t\t\n\t\t<a class=\"elementor-post__read-more\" href=\"https:\/\/saragest.com\/en\/wordpress-resources-at-siteground\/\" aria-label=\"Read more about Desaf\u00edos Financieros Peque\u00f1o Negocio 2024\" tabindex=\"-1\" >\n\t\t\tLeer m\u00e1s \u00bb\t\t<\/a>\n\n\t\t\t\t<\/div>\n\t\t\t\t<div class=\"elementor-post__meta-data\">\n\t\t\t\t\t<span class=\"elementor-post-date\">\n\t\t\tAugust 15, 2018\t\t<\/span>\n\t\t\t\t<\/div>\n\t\t\t\t\t<\/div>\n\t\t<\/article>\n\t\t\t\t<\/div>\n\t\t\t\t\t<span class=\"e-load-more-spinner\">\n\t\t\t\t<svg aria-hidden=\"true\" class=\"e-font-icon-svg e-fas-spinner\" viewbox=\"0 0 512 512\" xmlns=\"http:\/\/www.w3.org\/2000\/svg\"><path d=\"M304 48c0 26.51-21.49 48-48 48s-48-21.49-48-48 21.49-48 48-48 48 21.49 48 48zm-48 368c-26.51 0-48 21.49-48 48s21.49 48 48 48 48-21.49 48-48-21.49-48-48-48zm208-208c-26.51 0-48 21.49-48 48s21.49 48 48 48 48-21.49 48-48-21.49-48-48-48zM96 256c0-26.51-21.49-48-48-48S0 229.49 0 256s21.49 48 48 48 48-21.49 48-48zm12.922 99.078c-26.51 0-48 21.49-48 48s21.49 48 48 48 48-21.49 48-48c0-26.509-21.491-48-48-48zm294.156 0c-26.51 0-48 21.49-48 48s21.49 48 48 48 48-21.49 48-48c0-26.509-21.49-48-48-48zM108.922 60.922c-26.51 0-48 21.49-48 48s21.49 48 48 48 48-21.49 48-48-21.491-48-48-48z\"><\/path><\/svg>\t\t\t<\/span>\n\t\t\n\t\t\t\t\t\t<\/div>\n\t\t\t\t<\/div>\n\t\t\t\t<div class=\"elementor-element elementor-element-ddcaa87 elementor-widget elementor-widget-text-editor\" data-id=\"ddcaa87\" data-element_type=\"widget\" data-e-type=\"widget\" data-widget_type=\"text-editor.default\">\n\t\t\t\t<div class=\"elementor-widget-container\">\n\t\t\t\t\t\t\t\t\t<p>Lorem ipsum dolor sit amet, consectetur adipiscing elit. Ut elit tellus, luctus nec ullamcorper mattis, pulvinar dapibus leo.<\/p>\t\t\t\t\t\t\t\t<\/div>\n\t\t\t\t<\/div>\n\t\t\t\t\t<\/div>\n\t\t\t\t<\/div>\n\t\t\t\t<\/div>","protected":false},"excerpt":{"rendered":"","protected":false},"author":1,"featured_media":1089,"parent":0,"menu_order":0,"comment_status":"open","ping_status":"closed","template":"elementor_header_footer","meta":{"footnotes":""},"class_list":["post-30","page","type-page","status-publish","has-post-thumbnail","hentry"],"_links":{"self":[{"href":"https:\/\/saragest.com\/en\/wp-json\/wp\/v2\/pages\/30","targetHints":{"allow":["GET"]}}],"collection":[{"href":"https:\/\/saragest.com\/en\/wp-json\/wp\/v2\/pages"}],"about":[{"href":"https:\/\/saragest.com\/en\/wp-json\/wp\/v2\/types\/page"}],"author":[{"embeddable":true,"href":"https:\/\/saragest.com\/en\/wp-json\/wp\/v2\/users\/1"}],"replies":[{"embeddable":true,"href":"https:\/\/saragest.com\/en\/wp-json\/wp\/v2\/comments?post=30"}],"version-history":[{"count":76,"href":"https:\/\/saragest.com\/en\/wp-json\/wp\/v2\/pages\/30\/revisions"}],"predecessor-version":[{"id":1063,"href":"https:\/\/saragest.com\/en\/wp-json\/wp\/v2\/pages\/30\/revisions\/1063"}],"wp:featuredmedia":[{"embeddable":true,"href":"https:\/\/saragest.com\/en\/wp-json\/wp\/v2\/media\/1089"}],"wp:attachment":[{"href":"https:\/\/saragest.com\/en\/wp-json\/wp\/v2\/media?parent=30"}],"curies":[{"name":"wp","href":"https:\/\/api.w.org\/{rel}","templated":true}]}}